{"id":116,"date":"2017-10-15T14:33:57","date_gmt":"2017-10-15T12:33:57","guid":{"rendered":"http:\/\/alexcorda.fr\/?page_id=116"},"modified":"2020-12-24T15:17:41","modified_gmt":"2020-12-24T14:17:41","slug":"bio","status":"publish","type":"page","link":"https:\/\/alexcorda.fr\/?page_id=116&lang=fr","title":{"rendered":"Bio FR"},"content":{"rendered":"<p><strong><img loading=\"lazy\" class=\"alignleft wp-image-39 size-medium\" src=\"http:\/\/alexcorda.fr\/wp-content\/uploads\/2017\/10\/photo-portrait-alex2-225x300.jpg\" alt=\"\" width=\"225\" height=\"300\" srcset=\"https:\/\/alexcorda.fr\/wp-content\/uploads\/2017\/10\/photo-portrait-alex2-225x300.jpg 225w, https:\/\/alexcorda.fr\/wp-content\/uploads\/2017\/10\/photo-portrait-alex2.jpg 419w\" sizes=\"(max-width: 225px) 100vw, 225px\" \/><\/strong>Je suis n\u00e9 le 28 mai 1972 \u00e0 Paris.<\/p>\n<p>A l&#8217;\u00e2ge de 8 mois, mes parents d\u00e9m\u00e9nagent pour Nice qui restera ma ville d&#8217;adoption.<\/p>\n<p>Apr\u00e8s avoir commenc\u00e9 par des \u00e9tudes de conception de produits industriels, je s\u2019oriente vers les nouvelles technologies et devient ing\u00e9nieur en informatique.<\/p>\n<p>Quinze ans plus tard, chahut\u00e9 par des sentiments \u00e0 fleur de peau et agit\u00e9 d&#8217;un d\u00e9sir de cr\u00e9ation intense, je commence l\u2019\u00e9criture sur un d\u00e9fi : terminer une histoire de dix pages.<br \/>Six ans plus tard, mon premier roman, <a href=\"http:\/\/alexcorda.fr\/?page_id=118\">\u00c9galit\u00e9 Totale<\/a>, est n\u00e9.<\/p>\n<p>A la suite de cette premi\u00e8re exp\u00e9rience cr\u00e9ative, j&#8217;ai pass\u00e9 les deux ann\u00e9es suivantes au d\u00e9velopment d&#8217;un jeu pour t\u00e9l\u00e9phone mobile et tablette : Escape Shelter.57.<br \/>Le jeu est maintenant disponible.<\/p>\n<p>Je vit actuellement \u00e0 Nice sur la C\u00f4te d\u2019Azur. J&#8217;ai trois enfants, Lilas, Juliette et Maxime. Je travaille dans les nouvelles technologies et partage mon temps libre entre ma famille et l&#8217;\u00e9criture de mon prochain roman.<\/p>\n\n\n<p><\/p>\n","protected":false},"excerpt":{"rendered":"<p>Je suis n\u00e9 le 28 mai 1972 \u00e0 Paris. A l&#8217;\u00e2ge de 8 mois, mes parents d\u00e9m\u00e9nagent pour Nice qui restera ma ville d&#8217;adoption. Apr\u00e8s avoir commenc\u00e9 par des \u00e9tudes&#8230; <a href=\"https:\/\/alexcorda.fr\/?page_id=116&#038;lang=fr\">Read more &raquo;<\/a><\/p>\n","protected":false},"author":1,"featured_media":0,"parent":0,"menu_order":0,"comment_status":"closed","ping_status":"closed","template":"","meta":[],"_links":{"self":[{"href":"https:\/\/alexcorda.fr\/index.php?rest_route=\/wp\/v2\/pages\/116"}],"collection":[{"href":"https:\/\/alexcorda.fr\/index.php?rest_route=\/wp\/v2\/pages"}],"about":[{"href":"https:\/\/alexcorda.fr\/index.php?rest_route=\/wp\/v2\/types\/page"}],"author":[{"embeddable":true,"href":"https:\/\/alexcorda.fr\/index.php?rest_route=\/wp\/v2\/users\/1"}],"replies":[{"embeddable":true,"href":"https:\/\/alexcorda.fr\/index.php?rest_route=%2Fwp%2Fv2%2Fcomments&post=116"}],"version-history":[{"count":15,"href":"https:\/\/alexcorda.fr\/index.php?rest_route=\/wp\/v2\/pages\/116\/revisions"}],"predecessor-version":[{"id":403,"href":"https:\/\/alexcorda.fr\/index.php?rest_route=\/wp\/v2\/pages\/116\/revisions\/403"}],"wp:attachment":[{"href":"https:\/\/alexcorda.fr\/index.php?rest_route=%2Fwp%2Fv2%2Fmedia&parent=116"}],"curies":[{"name":"wp","href":"https:\/\/api.w.org\/{rel}","templated":true}]}}