{"id":292,"date":"2020-08-30T18:45:33","date_gmt":"2020-08-30T16:45:33","guid":{"rendered":"http:\/\/alexcorda.fr\/?page_id=292"},"modified":"2020-09-04T17:25:55","modified_gmt":"2020-09-04T15:25:55","slug":"shelter-57","status":"publish","type":"page","link":"https:\/\/alexcorda.fr\/?page_id=292&lang=fr","title":{"rendered":"Shelter.57 FR"},"content":{"rendered":"\n<figure class=\"wp-block-image size-large is-style-default\"><img loading=\"lazy\" width=\"1024\" height=\"500\" src=\"http:\/\/alexcorda.fr\/wp-content\/uploads\/2020\/08\/Android_Image_1024x500.png\" alt=\"\" class=\"wp-image-295\" srcset=\"https:\/\/alexcorda.fr\/wp-content\/uploads\/2020\/08\/Android_Image_1024x500.png 1024w, https:\/\/alexcorda.fr\/wp-content\/uploads\/2020\/08\/Android_Image_1024x500-300x146.png 300w, https:\/\/alexcorda.fr\/wp-content\/uploads\/2020\/08\/Android_Image_1024x500-768x375.png 768w, https:\/\/alexcorda.fr\/wp-content\/uploads\/2020\/08\/Android_Image_1024x500-624x305.png 624w\" sizes=\"(max-width: 1024px) 100vw, 1024px\" \/><\/figure>\n\n\n\n<p>L&#8217;abri antinucl\u00e9aire 57, abandonn\u00e9 ? Que se passe-t-il l\u00e0-bas, des exp\u00e9riences ?<\/p>\n\n\n\n<p>Vous \u00eates Jarod, et vous \u00eates envoy\u00e9 pour le d\u00e9couvrir, mais serez-vous suffisamment pers\u00e9v\u00e9rant !<br>Une seule chose est certaine: une fois commenc\u00e9, vous ne pourrez plus vous arr\u00eater avant d&#8217;avoir atteint la fin.<\/p>\n\n\n\n<ul><li>Une aventure et un univers unique.<\/li><li>Un escape game invers\u00e9.<\/li><li>Des tonnes d&#8217;\u00e9nigmes, de casse-t\u00eates et de mini-jeux.<\/li><li>Plusieurs heures de d\u00e9fi \u00e0 explorer chaque recoin du Shelter.57.<\/li><li>Un syst\u00e8me d&#8217;aide pour ne pas rester bloqu\u00e9 dans votre aventure,<\/li><li>Un syst\u00e8me d&#8217;aide progressif pour ne pas vous g\u00e2cher le plaisir.<\/li><li>Une double navigation: par boutons et par balayage de l&#8217;\u00e9cran en fonction de ce que vous pr\u00e9f\u00e9rez.<\/li><li>Sauvegarde automatique de votre progression.<\/li><li>Des personnages \u00e9nigmatiques.<\/li><\/ul>\n\n\n\n<figure class=\"wp-block-image size-large\"><img loading=\"lazy\" width=\"1024\" height=\"576\" src=\"http:\/\/alexcorda.fr\/wp-content\/uploads\/2020\/08\/Android_ScreenCapture_1-1024x576.png\" alt=\"\" class=\"wp-image-297\" srcset=\"https:\/\/alexcorda.fr\/wp-content\/uploads\/2020\/08\/Android_ScreenCapture_1-1024x576.png 1024w, https:\/\/alexcorda.fr\/wp-content\/uploads\/2020\/08\/Android_ScreenCapture_1-300x169.png 300w, https:\/\/alexcorda.fr\/wp-content\/uploads\/2020\/08\/Android_ScreenCapture_1-768x432.png 768w, https:\/\/alexcorda.fr\/wp-content\/uploads\/2020\/08\/Android_ScreenCapture_1-624x351.png 624w, https:\/\/alexcorda.fr\/wp-content\/uploads\/2020\/08\/Android_ScreenCapture_1.png 1280w\" sizes=\"(max-width: 1024px) 100vw, 1024px\" \/><\/figure>\n\n\n\n<figure class=\"wp-block-image size-large\"><img loading=\"lazy\" width=\"1024\" height=\"576\" src=\"http:\/\/alexcorda.fr\/wp-content\/uploads\/2020\/08\/Android_ScreenCapture_2-1024x576.png\" alt=\"\" class=\"wp-image-298\" srcset=\"https:\/\/alexcorda.fr\/wp-content\/uploads\/2020\/08\/Android_ScreenCapture_2-1024x576.png 1024w, https:\/\/alexcorda.fr\/wp-content\/uploads\/2020\/08\/Android_ScreenCapture_2-300x169.png 300w, https:\/\/alexcorda.fr\/wp-content\/uploads\/2020\/08\/Android_ScreenCapture_2-768x432.png 768w, https:\/\/alexcorda.fr\/wp-content\/uploads\/2020\/08\/Android_ScreenCapture_2-624x351.png 624w, https:\/\/alexcorda.fr\/wp-content\/uploads\/2020\/08\/Android_ScreenCapture_2.png 1280w\" sizes=\"(max-width: 1024px) 100vw, 1024px\" \/><\/figure>\n\n\n\n<figure class=\"wp-block-image size-large\"><img loading=\"lazy\" width=\"1024\" height=\"576\" src=\"http:\/\/alexcorda.fr\/wp-content\/uploads\/2020\/08\/Android_ScreenCapture_3-1024x576.png\" alt=\"\" class=\"wp-image-299\" srcset=\"https:\/\/alexcorda.fr\/wp-content\/uploads\/2020\/08\/Android_ScreenCapture_3-1024x576.png 1024w, https:\/\/alexcorda.fr\/wp-content\/uploads\/2020\/08\/Android_ScreenCapture_3-300x169.png 300w, https:\/\/alexcorda.fr\/wp-content\/uploads\/2020\/08\/Android_ScreenCapture_3-768x432.png 768w, https:\/\/alexcorda.fr\/wp-content\/uploads\/2020\/08\/Android_ScreenCapture_3-624x351.png 624w, https:\/\/alexcorda.fr\/wp-content\/uploads\/2020\/08\/Android_ScreenCapture_3.png 1280w\" sizes=\"(max-width: 1024px) 100vw, 1024px\" \/><\/figure>\n\n\n\n<figure class=\"wp-block-image size-large\"><img loading=\"lazy\" width=\"1024\" height=\"576\" src=\"http:\/\/alexcorda.fr\/wp-content\/uploads\/2020\/08\/Android_ScreenCapture_4-1024x576.png\" alt=\"\" class=\"wp-image-300\" srcset=\"https:\/\/alexcorda.fr\/wp-content\/uploads\/2020\/08\/Android_ScreenCapture_4-1024x576.png 1024w, https:\/\/alexcorda.fr\/wp-content\/uploads\/2020\/08\/Android_ScreenCapture_4-300x169.png 300w, https:\/\/alexcorda.fr\/wp-content\/uploads\/2020\/08\/Android_ScreenCapture_4-768x432.png 768w, https:\/\/alexcorda.fr\/wp-content\/uploads\/2020\/08\/Android_ScreenCapture_4-624x351.png 624w, https:\/\/alexcorda.fr\/wp-content\/uploads\/2020\/08\/Android_ScreenCapture_4.png 1280w\" sizes=\"(max-width: 1024px) 100vw, 1024px\" \/><\/figure>\n\n\n\n<figure class=\"wp-block-image size-large\"><img loading=\"lazy\" width=\"1024\" height=\"576\" src=\"http:\/\/alexcorda.fr\/wp-content\/uploads\/2020\/08\/Android_ScreenCapture_5-1024x576.png\" alt=\"\" class=\"wp-image-302\" srcset=\"https:\/\/alexcorda.fr\/wp-content\/uploads\/2020\/08\/Android_ScreenCapture_5-1024x576.png 1024w, https:\/\/alexcorda.fr\/wp-content\/uploads\/2020\/08\/Android_ScreenCapture_5-300x169.png 300w, https:\/\/alexcorda.fr\/wp-content\/uploads\/2020\/08\/Android_ScreenCapture_5-768x432.png 768w, https:\/\/alexcorda.fr\/wp-content\/uploads\/2020\/08\/Android_ScreenCapture_5-624x351.png 624w, https:\/\/alexcorda.fr\/wp-content\/uploads\/2020\/08\/Android_ScreenCapture_5.png 1280w\" sizes=\"(max-width: 1024px) 100vw, 1024px\" \/><\/figure>\n\n\n\n<figure class=\"wp-block-image size-large\"><img loading=\"lazy\" width=\"1024\" height=\"576\" src=\"http:\/\/alexcorda.fr\/wp-content\/uploads\/2020\/08\/Android_ScreenCapture_6-1024x576.png\" alt=\"\" class=\"wp-image-301\" srcset=\"https:\/\/alexcorda.fr\/wp-content\/uploads\/2020\/08\/Android_ScreenCapture_6-1024x576.png 1024w, https:\/\/alexcorda.fr\/wp-content\/uploads\/2020\/08\/Android_ScreenCapture_6-300x169.png 300w, https:\/\/alexcorda.fr\/wp-content\/uploads\/2020\/08\/Android_ScreenCapture_6-768x432.png 768w, https:\/\/alexcorda.fr\/wp-content\/uploads\/2020\/08\/Android_ScreenCapture_6-624x351.png 624w, https:\/\/alexcorda.fr\/wp-content\/uploads\/2020\/08\/Android_ScreenCapture_6.png 1280w\" sizes=\"(max-width: 1024px) 100vw, 1024px\" \/><\/figure>\n","protected":false},"excerpt":{"rendered":"<p>L&#8217;abri antinucl\u00e9aire 57, abandonn\u00e9 ? Que se passe-t-il l\u00e0-bas, des exp\u00e9riences ? Vous \u00eates Jarod, et vous \u00eates envoy\u00e9 pour le d\u00e9couvrir, mais serez-vous suffisamment pers\u00e9v\u00e9rant !Une seule chose est&#8230; <a href=\"https:\/\/alexcorda.fr\/?page_id=292&#038;lang=fr\">Read more &raquo;<\/a><\/p>\n","protected":false},"author":1,"featured_media":0,"parent":0,"menu_order":0,"comment_status":"closed","ping_status":"closed","template":"","meta":[],"_links":{"self":[{"href":"https:\/\/alexcorda.fr\/index.php?rest_route=\/wp\/v2\/pages\/292"}],"collection":[{"href":"https:\/\/alexcorda.fr\/index.php?rest_route=\/wp\/v2\/pages"}],"about":[{"href":"https:\/\/alexcorda.fr\/index.php?rest_route=\/wp\/v2\/types\/page"}],"author":[{"embeddable":true,"href":"https:\/\/alexcorda.fr\/index.php?rest_route=\/wp\/v2\/users\/1"}],"replies":[{"embeddable":true,"href":"https:\/\/alexcorda.fr\/index.php?rest_route=%2Fwp%2Fv2%2Fcomments&post=292"}],"version-history":[{"count":4,"href":"https:\/\/alexcorda.fr\/index.php?rest_route=\/wp\/v2\/pages\/292\/revisions"}],"predecessor-version":[{"id":373,"href":"https:\/\/alexcorda.fr\/index.php?rest_route=\/wp\/v2\/pages\/292\/revisions\/373"}],"wp:attachment":[{"href":"https:\/\/alexcorda.fr\/index.php?rest_route=%2Fwp%2Fv2%2Fmedia&parent=292"}],"curies":[{"name":"wp","href":"https:\/\/api.w.org\/{rel}","templated":true}]}}