{"id":383,"date":"2020-12-23T19:06:53","date_gmt":"2020-12-23T18:06:53","guid":{"rendered":"http:\/\/alexcorda.fr\/?page_id=383"},"modified":"2020-12-24T13:37:29","modified_gmt":"2020-12-24T12:37:29","slug":"privacy-policy","status":"publish","type":"page","link":"https:\/\/alexcorda.fr\/?page_id=383","title":{"rendered":"Privacy Policy (en\/fr)"},"content":{"rendered":"\n<p class=\"has-huge-font-size\">Web site privacy policy \/ Politique de confidentialit\u00e9 du site web<\/p>\n\n\n\n<p>The web site does not collect or store any of your personal information.<br>If you decide to contact me, no personal information is required. If you decide to to let your email address or any other personal information in the message, for example in order for me to answer to you, this information will stay in my mailbox and will be shared with no one and\/or resell with no one.<\/p>\n\n\n\n<p>Nevertheless, this web site is operated by OVH and using WordPress. Please refers to their respective privacy policies.<br><br>Ce site web ne collecte et ne stocke aucune information.<br>Si vous d\u00e9cidez de me contacter, aucune information personnel ne vous sera demand\u00e9e. Si vous d\u00e9cidez d&#8217;indiquer votre adresse mail ou tout autre information personnel dans le message, pour que je puisse par exemple vous r\u00e9pondre, cette information ne sera ni partag\u00e9e ni revendes avec qui que ce soit. <\/p>\n\n\n\n<p>N\u00e9anmoins, ce site web est h\u00e9berg\u00e9 par OVH et utilise Worldpress. Merci de vous r\u00e9f\u00e9rez \u00e0 leur politique de confidentialit\u00e9 respective.<\/p>\n\n\n\n<p class=\"has-huge-font-size\">Escape Shelter.57 privacy policy \/ Politique de confidentialit\u00e9 d&#8217;Escape Shelter.57<\/p>\n\n\n\n<p>This game has been built with Unity and is using Unity Ads and Unity Analytics. Please refers to the Unity privacy policy :<br>Ce jeux utilise Unity, Unity Ads and Unity Analytics. Merci de vous r\u00e9f\u00e9rez \u00e0 leur politique de confidentialit\u00e9 respective :<br><a href=\"https:\/\/unity3d.com\/legal\/privacy-policy?_ga=2.51953632.857653075.1608537748-315230809.1572603862\">https:\/\/unity3d.com\/legal\/privacy-policy?_ga=2.51953632.857653075.1608537748-315230809.1572603862<\/a><\/p>\n","protected":false},"excerpt":{"rendered":"<p>Web site privacy policy \/ Politique de confidentialit\u00e9 du site web The web site does not collect or store any of your personal information.If you decide to contact me, no&#8230; <a href=\"https:\/\/alexcorda.fr\/?page_id=383\">Read more &raquo;<\/a><\/p>\n","protected":false},"author":1,"featured_media":0,"parent":0,"menu_order":0,"comment_status":"closed","ping_status":"closed","template":"","meta":[],"_links":{"self":[{"href":"https:\/\/alexcorda.fr\/index.php?rest_route=\/wp\/v2\/pages\/383"}],"collection":[{"href":"https:\/\/alexcorda.fr\/index.php?rest_route=\/wp\/v2\/pages"}],"about":[{"href":"https:\/\/alexcorda.fr\/index.php?rest_route=\/wp\/v2\/types\/page"}],"author":[{"embeddable":true,"href":"https:\/\/alexcorda.fr\/index.php?rest_route=\/wp\/v2\/users\/1"}],"replies":[{"embeddable":true,"href":"https:\/\/alexcorda.fr\/index.php?rest_route=%2Fwp%2Fv2%2Fcomments&post=383"}],"version-history":[{"count":8,"href":"https:\/\/alexcorda.fr\/index.php?rest_route=\/wp\/v2\/pages\/383\/revisions"}],"predecessor-version":[{"id":399,"href":"https:\/\/alexcorda.fr\/index.php?rest_route=\/wp\/v2\/pages\/383\/revisions\/399"}],"wp:attachment":[{"href":"https:\/\/alexcorda.fr\/index.php?rest_route=%2Fwp%2Fv2%2Fmedia&parent=383"}],"curies":[{"name":"wp","href":"https:\/\/api.w.org\/{rel}","templated":true}]}}